{"id":3,"date":"2020-05-08T00:41:48","date_gmt":"2020-05-08T00:41:48","guid":{"rendered":"https:\/\/proyamar.com\/?page_id=3"},"modified":"2021-11-29T23:22:43","modified_gmt":"2021-11-30T05:22:43","slug":"aviso-de-privacidad","status":"publish","type":"page","link":"https:\/\/www.proyamar.com\/rentals\/aviso-de-privacidad\/","title":{"rendered":"AVISO DE PRIVACIDAD"},"content":{"rendered":"<p>[vc_row][vc_column][vc_empty_space][vc_column_text]<\/p>\r\n<p class=\"p1\"><span style=\"font-size: 21px;\"><strong>Aviso de Privacidad<\/strong><\/span><\/p>\r\n<p class=\"p2\"><b>Construcciones e Ingenier\u00eda YAMAR, S.A. de C.V.<\/b>, mejor conocido como <b>PROYAMAR RENTALS<\/b>, en lo sucesivo, \u201cEl Responsable\u201d con domicilio en <b>R\u00edo T\u00edber #54 col. San Cayetano<\/b>, en la entidad de <b>San Juan del R\u00edo, Quer\u00e9taro, M\u00e9xico,<\/b> y portal de internet <b><a href=\"https:\/\/www.proyamar.com\/rentals\/\">www.proyamar\/rentals.com<\/a>,<\/b> es el responsable del uso y protecci\u00f3n de sus datos personales, y al respecto le informamos lo siguiente:<\/p>\r\n<p class=\"p2\">\u00bfPara qu\u00e9 fines utilizaremos sus datos personales?<\/p>\r\n<p class=\"p2\">Los datos personales que recabamos de usted, los utilizaremos para las siguientes finalidades que son necesarias para el servicio que solicita:<\/p>\r\n<p class=\"p2\">Verificaci\u00f3n de Identidad<\/p>\r\n<p class=\"p2\">Contacto y Comunicaci\u00f3n con Agente de Ventas<\/p>\r\n<p class=\"p2\">Elaboraci\u00f3n de encuestas de satisfacci\u00f3n del servicio<\/p>\r\n<p class=\"p3\">Comunicaci\u00f3n externa de la empresa<\/p>\r\n<p class=\"p2\">De manera adicional, utilizaremos su informaci\u00f3n personal para las siguientes finalidades secundarias que no son necesarias para el servicio solicitado, pero que nos permiten y facilitan brindarle una mejor atenci\u00f3n:<\/p>\r\n<p class=\"p2\">Contacto para promoci\u00f3n de nuevos servicios y\/o productos.<\/p>\r\n<p class=\"p2\">Env\u00edo de informaci\u00f3n relevante sobre la empresa y\/o los productos.<\/p>\r\n<p class=\"p2\">En caso de que no desee que sus datos personales sean tratados para estos fines secundarios, desde este momento usted nos puede comunicar lo anterior a trav\u00e9s del siguiente mecanismo:<\/p>\r\n<p>Correo Electr\u00f3nico a <b>info@proyamar.com<\/b><\/p>\r\n<p class=\"p2\">La negativa para el uso de sus datos personales para estas finalidades no podr\u00e1 ser un motivo para que le neguemos los servicios y productos que solicita o contrata con nosotros.<\/p>\r\n<p class=\"p2\">\u00bfQu\u00e9 datos personales utilizaremos para estos fines?<\/p>\r\n<p class=\"p2\">Para llevar a cabo las finalidades descritas en el presente aviso de privacidad, utilizaremos los siguientes datos personales:<\/p>\r\n<p class=\"p2\">Datos de identificaci\u00f3n personal: nombre, nacionalidad, estado de residencia<\/p>\r\n<p class=\"p2\">Datos de contacto: correo electr\u00f3nico, tel\u00e9fono, celular, skype, zoom, meet<\/p>\r\n<p class=\"p2\">Datos laborales: puesto<\/p>\r\n<p class=\"p2\">Datos de identificaci\u00f3n de empresa: nombre de la empresa, sitio web<\/p>\r\n<p class=\"p2\">Informaci\u00f3n de la empresa: datos sobre su flotilla, nivel y frecuencia de consumo<\/p>\r\n<p class=\"p2\">\u00bfCon qui\u00e9n compartimos su informaci\u00f3n personal y para qu\u00e9 fines?<\/p>\r\n<p class=\"p2\">Le informamos que sus datos personales NO son compartidos con persona f\u00edsica o moral, nacional o extranjera alguna.<\/p>\r\n<p class=\"p2\">\u00bfC\u00f3mo puede acceder, rectificar o cancelar sus datos personales, u oponerse a su uso?<\/p>\r\n<p class=\"p2\">Usted tiene derecho a conocer qu\u00e9 datos personales tenemos de usted, para qu\u00e9 los utilizamos y las condiciones del uso que les damos (Acceso). Asimismo, es su derecho solicitar la correcci\u00f3n de su informaci\u00f3n personal en caso de que est\u00e9 desactualizada, sea inexacta o incompleta (Rectificaci\u00f3n); que la eliminemos de nuestros registros o bases de datos cuando considere que la misma no est\u00e1 siendo utilizada adecuadamente (Cancelaci\u00f3n); as\u00ed como oponerse al uso de sus datos personales para fines espec\u00edficos (Oposici\u00f3n). Estos derechos se conocen como derechos ARCO.<\/p>\r\n<p class=\"p2\">Para el ejercicio de cualquiera de los derechos ARCO, usted deber\u00e1 presentar la solicitud respectiva a trav\u00e9s del siguiente medio:<\/p>\r\n<p>Enviando correo electr\u00f3nico a <b>info@proyamar.com<\/b><\/p>\r\n<p class=\"p2\">Los datos de contacto de la persona o departamento de datos personales, que est\u00e1 a cargo de dar tr\u00e1mite a las solicitudes de derechos ARCO, son los siguientes:<\/p>\r\n<ol class=\"ol1\">\r\n<li class=\"li2\">Nombre de la persona o departamento de datos personales: <b>Servicio al Cliente<\/b><\/li>\r\n<li class=\"li2\">Domicilio: <b>R\u00edo T\u00edber #54 col. San Cayetano, San Juan del R\u00edo, Quer\u00e9taro, M\u00e9xico.<\/b><\/li>\r\n<li class=\"li2\">Correo electr\u00f3nico: <b>info@proyamar.com<\/b><\/li>\r\n<\/ol>\r\n<p>Cl\u00e1usula de Confidencialidad<\/p>\r\n<p class=\"p2\">El Responsable se obliga a mantener en secreto, la informaci\u00f3n confidencial, por todo el tiempo que dura la relaci\u00f3n contractual que le une a la titular, e incluso, terminada \u00e9sta, por tiempo indeterminado.<\/p>\r\n<p class=\"p2\">En virtud de lo dispuesto en el p\u00e1rrafo anterior, El Responsable se obliga a no enajenar, arrendar, prestar, grabar, negociar, revelar, publicar, ense\u00f1ar, exponer, transmitir, o de alguna forma divulgar o proporcionar a cualquier persona f\u00edsica o moral, nacional o extranjera, p\u00fablica o privada, a trav\u00e9s de cualquier medio por si mismo o por terceros, la informaci\u00f3n confidencial referida con anterioridad, sin previo consentimiento y autorizaci\u00f3n, por escrito, por parte de La Titular.<\/p>\r\n<p class=\"p2\">\u00c9sta obligaci\u00f3n adquirida por parte de El Responsable, se extiende de igual forma a sus dependientes, trabajadores, socios y dem\u00e1s personas f\u00edsicas o morales con las que guarde relaci\u00f3n alguna, de tal forma que se obliga a comprometerlos al cumplimiento de las disposiciones del presente contrato, y en caso de incumplimiento alguno por parte de los mencionados, El Responsable responder\u00e1 de manera solidaria.<\/p>\r\n<p class=\"p2\">Legislaci\u00f3n Aplicable<\/p>\r\n<p class=\"p2\">En caso de incumplimiento por parte de El Responsable, de alguna de las obligaciones adquiridas en virtud de la celebraci\u00f3n del presente instrumento, ser\u00e1 acreedor de las sanciones dispuestas en la Ley de Protecci\u00f3n de datos personales en posesi\u00f3n de particulares, y sus correlativos en los pa\u00edses que conformen la red titular de los datos personales.<\/p>\r\n<p class=\"p2\">Actualizaciones<\/p>\r\n<p class=\"p2\">Nos reservamos el derecho de efectuar en cualquier momento modificaciones o actualizaciones al presente aviso de privacidad, para la atenci\u00f3n de novedades legislativas o jurisprudenciales, pol\u00edticas internas, nuevos requerimientos para la prestaci\u00f3n u ofrecimiento de nuestros servicios o productos y pr\u00e1cticas de mercado. Estas modificaciones estar\u00e1n disponibles al p\u00fablico a trav\u00e9s de nuestra p\u00e1gina de internet\u00a0www.sitioweb.com\/avisoprivacidad<\/p>\r\n<p>[\/vc_column_text][vc_empty_space][\/vc_column][\/vc_row]<\/p>","protected":false},"excerpt":{"rendered":"[vc_row][vc_column][vc_empty_space][vc_column_text] Aviso de Privacidad Construcciones e Ingenier\u00eda YAMAR, S.A. de C.V., mejor conocido como PROYAMAR RENTALS, en lo sucesivo, \u201cEl Responsable\u201d con domicilio en R\u00edo T\u00edber #54 col. San Cayetano, en la entidad de San Juan del R\u00edo, Quer\u00e9taro, M\u00e9xico, y portal de internet www.proyamar\/rentals.com, es el responsable del uso y protecci\u00f3n de sus datos[&#8230;]","protected":false},"author":1,"featured_media":0,"parent":0,"menu_order":0,"comment_status":"closed","ping_status":"open","template":"","meta":[],"yoast_head":"<!-- This site is optimized with the Yoast SEO plugin v18.0 - https:\/\/yoast.com\/wordpress\/plugins\/seo\/ -->\n<title>AVISO DE PRIVACIDAD - PROYAMAR RENTALS<\/title>\n<meta name=\"robots\" content=\"index, follow, max-snippet:-1, max-image-preview:large, max-video-preview:-1\" \/>\n<link rel=\"canonical\" href=\"https:\/\/www.proyamar.com\/rentals\/aviso-de-privacidad\/\" \/>\n<meta property=\"og:locale\" content=\"es_ES\" \/>\n<meta property=\"og:type\" content=\"article\" \/>\n<meta property=\"og:title\" content=\"AVISO DE PRIVACIDAD - PROYAMAR RENTALS\" \/>\n<meta property=\"og:description\" content=\"[vc_row][vc_column][vc_empty_space][vc_column_text] Aviso de Privacidad Construcciones e Ingenier\u00eda YAMAR, S.A. de C.V., mejor conocido como PROYAMAR RENTALS, en lo sucesivo, \u201cEl Responsable\u201d con domicilio en R\u00edo T\u00edber #54 col. San Cayetano, en la entidad de San Juan del R\u00edo, Quer\u00e9taro, M\u00e9xico, y portal de internet www.proyamar\/rentals.com, es el responsable del uso y protecci\u00f3n de sus datos[...]\" \/>\n<meta property=\"og:url\" content=\"https:\/\/www.proyamar.com\/rentals\/aviso-de-privacidad\/\" \/>\n<meta property=\"og:site_name\" content=\"PROYAMAR RENTALS\" \/>\n<meta property=\"article:modified_time\" content=\"2021-11-30T05:22:43+00:00\" \/>\n<meta name=\"twitter:card\" content=\"summary_large_image\" \/>\n<meta name=\"twitter:label1\" content=\"Tiempo de lectura\" \/>\n\t<meta name=\"twitter:data1\" content=\"4 minutos\" \/>\n<script type=\"application\/ld+json\" class=\"yoast-schema-graph\">{\"@context\":\"https:\/\/schema.org\",\"@graph\":[{\"@type\":\"WebSite\",\"@id\":\"https:\/\/www.proyamar.com\/rentals\/#website\",\"url\":\"https:\/\/www.proyamar.com\/rentals\/\",\"name\":\"PROYAMAR RENTALS\",\"description\":\"\",\"potentialAction\":[{\"@type\":\"SearchAction\",\"target\":{\"@type\":\"EntryPoint\",\"urlTemplate\":\"https:\/\/www.proyamar.com\/rentals\/?s={search_term_string}\"},\"query-input\":\"required name=search_term_string\"}],\"inLanguage\":\"es\"},{\"@type\":\"WebPage\",\"@id\":\"https:\/\/www.proyamar.com\/rentals\/aviso-de-privacidad\/#webpage\",\"url\":\"https:\/\/www.proyamar.com\/rentals\/aviso-de-privacidad\/\",\"name\":\"AVISO DE PRIVACIDAD - PROYAMAR RENTALS\",\"isPartOf\":{\"@id\":\"https:\/\/www.proyamar.com\/rentals\/#website\"},\"datePublished\":\"2020-05-08T00:41:48+00:00\",\"dateModified\":\"2021-11-30T05:22:43+00:00\",\"breadcrumb\":{\"@id\":\"https:\/\/www.proyamar.com\/rentals\/aviso-de-privacidad\/#breadcrumb\"},\"inLanguage\":\"es\",\"potentialAction\":[{\"@type\":\"ReadAction\",\"target\":[\"https:\/\/www.proyamar.com\/rentals\/aviso-de-privacidad\/\"]}]},{\"@type\":\"BreadcrumbList\",\"@id\":\"https:\/\/www.proyamar.com\/rentals\/aviso-de-privacidad\/#breadcrumb\",\"itemListElement\":[{\"@type\":\"ListItem\",\"position\":1,\"name\":\"Portada\",\"item\":\"https:\/\/www.proyamar.com\/rentals\/\"},{\"@type\":\"ListItem\",\"position\":2,\"name\":\"AVISO DE PRIVACIDAD\"}]}]}<\/script>\n<!-- \/ Yoast SEO plugin. -->","yoast_head_json":{"title":"AVISO DE PRIVACIDAD - PROYAMAR RENTALS","robots":{"index":"index","follow":"follow","max-snippet":"max-snippet:-1","max-image-preview":"max-image-preview:large","max-video-preview":"max-video-preview:-1"},"canonical":"https:\/\/www.proyamar.com\/rentals\/aviso-de-privacidad\/","og_locale":"es_ES","og_type":"article","og_title":"AVISO DE PRIVACIDAD - PROYAMAR RENTALS","og_description":"[vc_row][vc_column][vc_empty_space][vc_column_text] Aviso de Privacidad Construcciones e Ingenier\u00eda YAMAR, S.A. de C.V., mejor conocido como PROYAMAR RENTALS, en lo sucesivo, \u201cEl Responsable\u201d con domicilio en R\u00edo T\u00edber #54 col. San Cayetano, en la entidad de San Juan del R\u00edo, Quer\u00e9taro, M\u00e9xico, y portal de internet www.proyamar\/rentals.com, es el responsable del uso y protecci\u00f3n de sus datos[...]","og_url":"https:\/\/www.proyamar.com\/rentals\/aviso-de-privacidad\/","og_site_name":"PROYAMAR RENTALS","article_modified_time":"2021-11-30T05:22:43+00:00","twitter_card":"summary_large_image","twitter_misc":{"Tiempo de lectura":"4 minutos"},"schema":{"@context":"https:\/\/schema.org","@graph":[{"@type":"WebSite","@id":"https:\/\/www.proyamar.com\/rentals\/#website","url":"https:\/\/www.proyamar.com\/rentals\/","name":"PROYAMAR RENTALS","description":"","potentialAction":[{"@type":"SearchAction","target":{"@type":"EntryPoint","urlTemplate":"https:\/\/www.proyamar.com\/rentals\/?s={search_term_string}"},"query-input":"required name=search_term_string"}],"inLanguage":"es"},{"@type":"WebPage","@id":"https:\/\/www.proyamar.com\/rentals\/aviso-de-privacidad\/#webpage","url":"https:\/\/www.proyamar.com\/rentals\/aviso-de-privacidad\/","name":"AVISO DE PRIVACIDAD - PROYAMAR RENTALS","isPartOf":{"@id":"https:\/\/www.proyamar.com\/rentals\/#website"},"datePublished":"2020-05-08T00:41:48+00:00","dateModified":"2021-11-30T05:22:43+00:00","breadcrumb":{"@id":"https:\/\/www.proyamar.com\/rentals\/aviso-de-privacidad\/#breadcrumb"},"inLanguage":"es","potentialAction":[{"@type":"ReadAction","target":["https:\/\/www.proyamar.com\/rentals\/aviso-de-privacidad\/"]}]},{"@type":"BreadcrumbList","@id":"https:\/\/www.proyamar.com\/rentals\/aviso-de-privacidad\/#breadcrumb","itemListElement":[{"@type":"ListItem","position":1,"name":"Portada","item":"https:\/\/www.proyamar.com\/rentals\/"},{"@type":"ListItem","position":2,"name":"AVISO DE PRIVACIDAD"}]}]}},"_links":{"self":[{"href":"https:\/\/www.proyamar.com\/rentals\/wp-json\/wp\/v2\/pages\/3"}],"collection":[{"href":"https:\/\/www.proyamar.com\/rentals\/wp-json\/wp\/v2\/pages"}],"about":[{"href":"https:\/\/www.proyamar.com\/rentals\/wp-json\/wp\/v2\/types\/page"}],"author":[{"embeddable":true,"href":"https:\/\/www.proyamar.com\/rentals\/wp-json\/wp\/v2\/users\/1"}],"replies":[{"embeddable":true,"href":"https:\/\/www.proyamar.com\/rentals\/wp-json\/wp\/v2\/comments?post=3"}],"version-history":[{"count":5,"href":"https:\/\/www.proyamar.com\/rentals\/wp-json\/wp\/v2\/pages\/3\/revisions"}],"predecessor-version":[{"id":2868,"href":"https:\/\/www.proyamar.com\/rentals\/wp-json\/wp\/v2\/pages\/3\/revisions\/2868"}],"wp:attachment":[{"href":"https:\/\/www.proyamar.com\/rentals\/wp-json\/wp\/v2\/media?parent=3"}],"curies":[{"name":"wp","href":"https:\/\/api.w.org\/{rel}","templated":true}]}}